{"id":170,"date":"2025-09-01T14:19:58","date_gmt":"2025-09-01T12:19:58","guid":{"rendered":"https:\/\/milleetunenoix.fr\/blog\/?page_id=170"},"modified":"2025-09-06T14:17:56","modified_gmt":"2025-09-06T12:17:56","slug":"pacanier","status":"publish","type":"page","link":"https:\/\/milleetunenoix.fr\/blog\/pacanier\/","title":{"rendered":"Pacanier"},"content":{"rendered":"<p>Il y a beaucoup de chose \u00e0 prendre en compte au moment de planter un pacanier, je vais essayer de l&rsquo;expliquer au mieux:<\/p>\n<p>-D\u00e9j\u00e0 il faut pr\u00e9voir de l&rsquo;espace, aux USA les plantations se font en 14m X 14m et les arbres deviennent trop serr\u00e9s au bout de 30 ans. Ils en coupent 1\/2 comme on peut le voir en France dans les vergers de Ch\u00e2taignier. Les \u00e9t\u00e9s \u00e9tant moins chaud en France les arbres mettront certainement plus de temps pour arriver \u00e0 prendre tout l&rsquo;espace mais il ne faut pas le n\u00e9gliger.<\/p>\n<p>&#8211; Il faut pr\u00e9voir au minimum deux arbres de type diff\u00e9rent. En effet certains sont \u00ab\u00a0protandre\u00a0\u00bb (type 1), les fleurs m\u00e2le fleurissent avant les fleurs femelles. Alors que d&rsquo;autres cultivars sont dit \u00ab\u00a0protogyne\u00a0\u00bb les fleurs femelles arrivent avant les m\u00e2les. Il est donc indispensable d&rsquo;avoir un couple de type 1 et 2 pour que la pollinisation soit effectu\u00e9e.<\/p>\n<p>-Le pacanier ne craint pas le froid hivernal de nos climats mais il a besoin d&rsquo;une p\u00e9riode de chaleur assez longue pour mener les fruits \u00e0 maturit\u00e9. J&rsquo;ai s\u00e9lectionn\u00e9 ici des vari\u00e9t\u00e9s \u00e0 cycle court. Il faut n\u00e9anmoins adapter ces informations \u00e0 son contexte. Par exemple Lakota aura du mal \u00e0 fructifier \u00e0 plus de 500m d&rsquo;altitude m\u00eame dans le sud de la France.<br \/>\nDans le nord de la France je conseille plut\u00f4t les Ultra Northern qui sont \u00e0 cycle tr\u00e8s court. En cas de doute contactez moi: contact@milleetunenoix.fr<\/p>\n<p>&nbsp;<\/p>\n<p>Voici un tableau r\u00e9capitulatif des pacaniers que nous proposons \u00e0 la vente. Plus d&rsquo;infos ici: <a href=\"https:\/\/milleetunenoix.fr\/acheter\/14-pacanier\">https:\/\/milleetunenoix.fr\/acheter\/14-pacanier<\/a><\/p>\n<table style=\"border-collapse: collapse; width: 100%;\">\n<tbody>\n<tr>\n<td style=\"width: 13.109%;\">Vari\u00e9t\u00e9<\/td>\n<td style=\"width: 8.23666%;\">cat\u00e9gorie<\/td>\n<td style=\"width: 18.2135%;\">parents<\/td>\n<td style=\"width: 10.3248%;\">type<\/td>\n<td style=\"width: 11.8329%;\">nombre de noix par kg<\/td>\n<td style=\"width: 13.4571%;\">% d&rsquo;amandon<\/td>\n<td style=\"width: 13.2251%;\">R\u00e9sistance \u00e0 la tavelure<\/td>\n<td style=\"width: 11.4849%;\">date de r\u00e9colte aux USA<\/td>\n<\/tr>\n<tr>\n<td style=\"width: 13.109%;\">Campbell NC-4<\/td>\n<td style=\"width: 8.23666%;\">ultra northern<\/td>\n<td style=\"width: 18.2135%;\">Semis de hasard<\/td>\n<td style=\"width: 10.3248%;\">1<\/td>\n<td style=\"width: 11.8329%;\">150<\/td>\n<td style=\"width: 13.4571%;\">54<\/td>\n<td style=\"width: 13.2251%;\">Bonne<\/td>\n<td style=\"width: 11.4849%;\"><\/td>\n<\/tr>\n<tr>\n<td style=\"width: 13.109%;\">Deerstand<\/td>\n<td style=\"width: 8.23666%;\">ultra northern<\/td>\n<td style=\"width: 18.2135%;\">Semis de hasard<\/td>\n<td style=\"width: 10.3248%;\">2<\/td>\n<td style=\"width: 11.8329%;\">220<\/td>\n<td style=\"width: 13.4571%;\">52<\/td>\n<td style=\"width: 13.2251%;\"><\/td>\n<td style=\"width: 11.4849%;\"><\/td>\n<\/tr>\n<tr>\n<td style=\"width: 13.109%;\">Hark<\/td>\n<td style=\"width: 8.23666%;\">Northern<\/td>\n<td style=\"width: 18.2135%;\">Semis de Major<\/td>\n<td style=\"width: 10.3248%;\">1<\/td>\n<td style=\"width: 11.8329%;\">130<\/td>\n<td style=\"width: 13.4571%;\">56<\/td>\n<td style=\"width: 13.2251%;\">Super<\/td>\n<td style=\"width: 11.4849%;\"><\/td>\n<\/tr>\n<tr>\n<td style=\"width: 13.109%;\">Kanza<\/td>\n<td style=\"width: 8.23666%;\">Northern<\/td>\n<td style=\"width: 18.2135%;\">Major\/Shoshoni<\/td>\n<td style=\"width: 10.3248%;\">2<\/td>\n<td style=\"width: 11.8329%;\">150<\/td>\n<td style=\"width: 13.4571%;\">52<\/td>\n<td style=\"width: 13.2251%;\">Super<\/td>\n<td style=\"width: 11.4849%;\"><\/td>\n<\/tr>\n<tr>\n<td style=\"width: 13.109%;\">Lakota<\/td>\n<td style=\"width: 8.23666%;\">Northern<\/td>\n<td style=\"width: 18.2135%;\">Mahan\/Major<\/td>\n<td style=\"width: 10.3248%;\">2<\/td>\n<td style=\"width: 11.8329%;\">122<\/td>\n<td style=\"width: 13.4571%;\">58<\/td>\n<td style=\"width: 13.2251%;\">Super<\/td>\n<td style=\"width: 11.4849%;\"><\/td>\n<\/tr>\n<tr>\n<td style=\"width: 13.109%;\">Lucas<\/td>\n<td style=\"width: 8.23666%;\">ultra northern<\/td>\n<td style=\"width: 18.2135%;\">Semis de hasard<\/td>\n<td style=\"width: 10.3248%;\">2<\/td>\n<td style=\"width: 11.8329%;\">230<\/td>\n<td style=\"width: 13.4571%;\">49<\/td>\n<td style=\"width: 13.2251%;\">Bonne<\/td>\n<td style=\"width: 11.4849%;\"><\/td>\n<\/tr>\n<tr>\n<td style=\"width: 13.109%;\">Major<\/td>\n<td style=\"width: 8.23666%;\">Northern<\/td>\n<td style=\"width: 18.2135%;\"><\/td>\n<td style=\"width: 10.3248%;\">1<\/td>\n<td style=\"width: 11.8329%;\">150<\/td>\n<td style=\"width: 13.4571%;\">49<\/td>\n<td style=\"width: 13.2251%;\">Super<\/td>\n<td style=\"width: 11.4849%;\"><\/td>\n<\/tr>\n<tr>\n<td style=\"width: 13.109%;\">Mullahy<\/td>\n<td style=\"width: 8.23666%;\">ultra northern<\/td>\n<td style=\"width: 18.2135%;\">Semis de hasard<\/td>\n<td style=\"width: 10.3248%;\">2<\/td>\n<td style=\"width: 11.8329%;\">190<\/td>\n<td style=\"width: 13.4571%;\">43<\/td>\n<td style=\"width: 13.2251%;\">Moyenne<\/td>\n<td style=\"width: 11.4849%;\"><\/td>\n<\/tr>\n<tr>\n<td style=\"width: 13.109%;\">Pawnee<\/td>\n<td style=\"width: 8.23666%;\">Northern<\/td>\n<td style=\"width: 18.2135%;\">Mohawk\/Starking Hardy Giant<\/td>\n<td style=\"width: 10.3248%;\">1<\/td>\n<td style=\"width: 11.8329%;\">97<\/td>\n<td style=\"width: 13.4571%;\">56<\/td>\n<td style=\"width: 13.2251%;\">Mauvaise<\/td>\n<td style=\"width: 11.4849%;\"><\/td>\n<\/tr>\n<tr>\n<td style=\"width: 13.109%;\">Busseron<\/td>\n<td style=\"width: 8.23666%;\">Northern<\/td>\n<td style=\"width: 18.2135%;\">Semis de hasard<\/td>\n<td style=\"width: 10.3248%;\">1<\/td>\n<td style=\"width: 11.8329%;\">140<\/td>\n<td style=\"width: 13.4571%;\">47<\/td>\n<td style=\"width: 13.2251%;\"><\/td>\n<td style=\"width: 11.4849%;\"><\/td>\n<\/tr>\n<tr>\n<td style=\"width: 13.109%;\">Carlson 3<\/td>\n<td style=\"width: 8.23666%;\">ultra northern<\/td>\n<td style=\"width: 18.2135%;\">Semis de hasard<\/td>\n<td style=\"width: 10.3248%;\">2<\/td>\n<td style=\"width: 11.8329%;\">240<\/td>\n<td style=\"width: 13.4571%;\">50<\/td>\n<td style=\"width: 13.2251%;\">Bonne<\/td>\n<td style=\"width: 11.4849%;\"><\/td>\n<\/tr>\n<tr>\n<td style=\"width: 13.109%;\">Snaps<\/td>\n<td style=\"width: 8.23666%;\">ultra northern<\/td>\n<td style=\"width: 18.2135%;\">Semis de hasard<\/td>\n<td style=\"width: 10.3248%;\">1<\/td>\n<td style=\"width: 11.8329%;\">280<\/td>\n<td style=\"width: 13.4571%;\">50<\/td>\n<td style=\"width: 13.2251%;\">Tr\u00e8s Bonne<\/td>\n<td style=\"width: 11.4849%;\"><\/td>\n<\/tr>\n<\/tbody>\n<\/table>\n","protected":false},"excerpt":{"rendered":"<p>Il y a beaucoup de chose \u00e0 prendre en compte au moment de planter un pacanier, je vais essayer de l&rsquo;expliquer au mieux: -D\u00e9j\u00e0 il faut pr\u00e9voir de l&rsquo;espace, aux USA les plantations se font en 14m X 14m et les arbres deviennent trop serr\u00e9s au bout de 30 ans. [&hellip;]<\/p>\n","protected":false},"author":2,"featured_media":0,"parent":0,"menu_order":0,"comment_status":"closed","ping_status":"closed","template":"","meta":{"cybocfi_hide_featured_image":"","footnotes":""},"class_list":["post-170","page","type-page","status-publish","hentry"],"_links":{"self":[{"href":"https:\/\/milleetunenoix.fr\/blog\/wp-json\/wp\/v2\/pages\/170","targetHints":{"allow":["GET"]}}],"collection":[{"href":"https:\/\/milleetunenoix.fr\/blog\/wp-json\/wp\/v2\/pages"}],"about":[{"href":"https:\/\/milleetunenoix.fr\/blog\/wp-json\/wp\/v2\/types\/page"}],"author":[{"embeddable":true,"href":"https:\/\/milleetunenoix.fr\/blog\/wp-json\/wp\/v2\/users\/2"}],"replies":[{"embeddable":true,"href":"https:\/\/milleetunenoix.fr\/blog\/wp-json\/wp\/v2\/comments?post=170"}],"version-history":[{"count":4,"href":"https:\/\/milleetunenoix.fr\/blog\/wp-json\/wp\/v2\/pages\/170\/revisions"}],"predecessor-version":[{"id":201,"href":"https:\/\/milleetunenoix.fr\/blog\/wp-json\/wp\/v2\/pages\/170\/revisions\/201"}],"wp:attachment":[{"href":"https:\/\/milleetunenoix.fr\/blog\/wp-json\/wp\/v2\/media?parent=170"}],"curies":[{"name":"wp","href":"https:\/\/api.w.org\/{rel}","templated":true}]}}