{"id":173,"date":"2025-09-01T14:49:21","date_gmt":"2025-09-01T12:49:21","guid":{"rendered":"https:\/\/milleetunenoix.fr\/blog\/?page_id=173"},"modified":"2025-09-01T14:55:31","modified_gmt":"2025-09-01T12:55:31","slug":"conseil-de-plantation","status":"publish","type":"page","link":"https:\/\/milleetunenoix.fr\/blog\/conseil-de-plantation\/","title":{"rendered":"Distance de plantation:"},"content":{"rendered":"<h3>Distance de plantation:<\/h3>\n<p>Les distances de plantations sont donn\u00e9s \u00e0 titre indicatif car elles d\u00e9pendent de nombreux facteurs notamment la qualit\u00e9 et la profondeur du sol.<\/p>\n<p>Je n\u2019inclue pas les Pacaniers dans le tableau car ils sont un peu \u00e0 part. Il est pr\u00e9conis\u00e9 de leur donner un espace de 14 X 14 qui est l\u2019espacement minimum. Au bout de 30\/40 ans cet espace sera certainement trop petit il faudra donc supprimer certains arbres \u00e0 c\u00f4t\u00e9. Par exemple les plantations aux usa suppriment un arbre sur deux pour laisser de la place et la production s\u2019en trouve am\u00e9lior\u00e9e! Il est \u00e9galement imaginable de planter des arbres \u00e0 dur\u00e9e de vie plus courte comme des p\u00eachers par exemple qui seront supprim\u00e9s quand de toute mani\u00e8re ils seront en fin de vie.<br \/>\nLes Hickory ont un port beaucoup plus \u00e9lanc\u00e9s que les pacaniers. Un espacement de 10X10 leur sera suffisant.<\/p>\n<table>\n<tbody>\n<tr>\n<td><\/td>\n<td><\/td>\n<td>sur la ligne<\/td>\n<td>inter rang<\/td>\n<\/tr>\n<tr>\n<td>Cerisier<\/td>\n<td>Sainte Lucie<\/td>\n<td>5<\/td>\n<td>6<\/td>\n<\/tr>\n<tr>\n<td><\/td>\n<td>Merisier<\/td>\n<td>8<\/td>\n<td>10<\/td>\n<\/tr>\n<tr>\n<td>Poirier<\/td>\n<td>Franc<\/td>\n<td>6<\/td>\n<td>6<\/td>\n<\/tr>\n<tr>\n<td><\/td>\n<td>cognassier<\/td>\n<td>3<\/td>\n<td>4<\/td>\n<\/tr>\n<tr>\n<td>P\u00eacher<\/td>\n<td>Franc ou GF667<\/td>\n<td>4<\/td>\n<td>5<\/td>\n<\/tr>\n<tr>\n<td>Pommier<\/td>\n<td>M111<\/td>\n<td>5<\/td>\n<td>6<\/td>\n<\/tr>\n<tr>\n<td><\/td>\n<td>Franc<\/td>\n<td>6<\/td>\n<td>8<\/td>\n<\/tr>\n<tr>\n<td>Prunier<\/td>\n<td>Myrobolan<\/td>\n<td>5<\/td>\n<td>6<\/td>\n<\/tr>\n<tr>\n<td>Abricotier<\/td>\n<td>Myrobolan<\/td>\n<td>5<\/td>\n<td>6<\/td>\n<\/tr>\n<tr>\n<td>Noyer<\/td>\n<td>Franc<\/td>\n<td>10<\/td>\n<td>10<\/td>\n<\/tr>\n<tr>\n<td>Noisetier<\/td>\n<td><\/td>\n<td>4<\/td>\n<td>5<\/td>\n<\/tr>\n<\/tbody>\n<\/table>\n<p>&nbsp;<\/p>\n","protected":false},"excerpt":{"rendered":"<p>Distance de plantation: Les distances de plantations sont donn\u00e9s \u00e0 titre indicatif car elles d\u00e9pendent de nombreux facteurs notamment la qualit\u00e9 et la profondeur du sol. Je n\u2019inclue pas les Pacaniers dans le tableau car ils sont un peu \u00e0 part. Il est pr\u00e9conis\u00e9 de leur donner un espace de [&hellip;]<\/p>\n","protected":false},"author":2,"featured_media":0,"parent":0,"menu_order":0,"comment_status":"closed","ping_status":"closed","template":"","meta":{"cybocfi_hide_featured_image":"","footnotes":""},"class_list":["post-173","page","type-page","status-publish","hentry"],"_links":{"self":[{"href":"https:\/\/milleetunenoix.fr\/blog\/wp-json\/wp\/v2\/pages\/173","targetHints":{"allow":["GET"]}}],"collection":[{"href":"https:\/\/milleetunenoix.fr\/blog\/wp-json\/wp\/v2\/pages"}],"about":[{"href":"https:\/\/milleetunenoix.fr\/blog\/wp-json\/wp\/v2\/types\/page"}],"author":[{"embeddable":true,"href":"https:\/\/milleetunenoix.fr\/blog\/wp-json\/wp\/v2\/users\/2"}],"replies":[{"embeddable":true,"href":"https:\/\/milleetunenoix.fr\/blog\/wp-json\/wp\/v2\/comments?post=173"}],"version-history":[{"count":3,"href":"https:\/\/milleetunenoix.fr\/blog\/wp-json\/wp\/v2\/pages\/173\/revisions"}],"predecessor-version":[{"id":180,"href":"https:\/\/milleetunenoix.fr\/blog\/wp-json\/wp\/v2\/pages\/173\/revisions\/180"}],"wp:attachment":[{"href":"https:\/\/milleetunenoix.fr\/blog\/wp-json\/wp\/v2\/media?parent=173"}],"curies":[{"name":"wp","href":"https:\/\/api.w.org\/{rel}","templated":true}]}}