{"id":184,"date":"2025-09-01T16:20:12","date_gmt":"2025-09-01T14:20:12","guid":{"rendered":"https:\/\/milleetunenoix.fr\/blog\/?page_id=184"},"modified":"2025-10-24T21:50:15","modified_gmt":"2025-10-24T19:50:15","slug":"comment-planter-un-arbre","status":"publish","type":"page","link":"https:\/\/milleetunenoix.fr\/blog\/comment-planter-un-arbre\/","title":{"rendered":"Plantation et suivi de culture"},"content":{"rendered":"<p>Une bonne plantation au bon moment et au bon endroit maximisera les chances de votre arbre fruitier pour obtenir une croissance vigoureuse les premi\u00e8res ann\u00e9es et de belles r\u00e9coltes par la suite. Nous allons d\u00e9tailler ici les principaux points:<\/p>\n<p>Le lieu:<br \/>\nPrivil\u00e9giez un bon ensoleillement et si possible un endroit prot\u00e9g\u00e9 du vent.<\/p>\n<p>Le sol:<br \/>\nIl faut \u00e9viter les endroits ou l&rsquo;eau stagne en hiver, les fonds de vall\u00e9es ou le froid stagne (risque de gel\u00e9es tardives). Les arbres fruitiers pr\u00e9f\u00e8rent un sol drainant et riche en mati\u00e8re organique. C&rsquo;est l\u00e0 que le choix du porte greffe est un moment crucial car il permet d&rsquo;adapter une vari\u00e9t\u00e9 \u00e0 un type de sol. Id\u00e9alement un ph de 6 ou 7 est recommand\u00e9.<\/p>\n<p>Le moment:<br \/>\nC&rsquo;est \u00e0 partir de d\u00e9but novembre jusqu&rsquo;au d\u00e9marrage de la v\u00e9g\u00e9tation. Ne pas planter pendant une p\u00e9riode de gel!<\/p>\n<p>La plantation:<br \/>\nIl est conseill\u00e9 de pr\u00e9parer son trou \u00e0 l\u2019avance, cela permet d\u2019\u00e9viter toute surprise au moment de la plantation ex: la roche m\u00e8re affleurante ou de l\u2019eau stagnante.<br \/>\nIl doit faire au moins 40\/45cm en tout sens. Ne pas m\u00e9langer les couches du sol, d\u2019un c\u00f4t\u00e9 les 20 premiers centim\u00e8tres et d\u2019un autre le reste. Une fois le trou creus\u00e9 bien d\u00e9compact\u00e9 le fond, cela facilitera l\u2019implantation des racines la premi\u00e8re ann\u00e9e<br \/>\nSi votre sol est tr\u00e8s argileux vous pouvez l\u2019all\u00e9ger en m\u00e9langeant un peu de compost bien mur. Ne jamais m\u00e9langer avec du fumier cela brulerait les racines.<br \/>\nNous conseillons de praliner les racines. Un m\u00e9lange de terre du jardin(la terre des taupini\u00e8re est parfaite pour cela), bouse de vache et eau (environ 1\/3 de chaque). Cela permet de bien enrober les racines et favorise la reprise.<br \/>\nPositionnez les racines de l\u2019arbre correctement, elles ne doivent jamais remonter. C\u2019est aussi le bon moment pour mettre un tuteur si vous \u00eates en situation tr\u00e8s vent\u00e9 ou si votre arbre est en conteneur (indispensable)<br \/>\nRebouchez le trou en cassant bien les mottes de terre et en remettant les couches de terre dans le bon ordre en tassant tr\u00e8s l\u00e9g\u00e8rement. Attention \u00e0 ne pas enterrer le collet de l\u2019arbre, il se situe 2\/3 cm au dessus de la premi\u00e8re racine.<br \/>\nArrosez abondamment (10\/15l par arbre) pour que la terre se colle bien aux racines.<br \/>\nAu pied de l\u2019arbre nous conseillons de mettre du fumier et surtout un bon paillage (1m\u00e8tre autour de l\u2019arbre) qui permettra de retenir l\u2019eau en \u00e9t\u00e9 et emp\u00eachera la repousse des adventices.(notamment la concurrence des gramin\u00e9es). \u00c9cartez l\u00e9g\u00e8rement le paillage pour qu\u2019il ne soit pas en contact avec l\u2019arbre. Le point de greffe doit rester au dessus du paillage.<\/p>\n<p>Suivi de culture\u00a0:<br \/>\nVos arbres vont avoir besoin d&rsquo;arrosage pendant au moins 3 ans, ce qui leur permettra de bien s&rsquo;ancrer et d&rsquo;aller vers l&rsquo;autonomie. Je recommande des arrosages espac\u00e9s et copieux qui pousseront l&rsquo;arbre \u00e0 aller chercher l&rsquo;eau en profondeur. L&rsquo;arrosage peut commencer d\u00e8s le printemps si le temps est sec. D\u00e8s qu&rsquo;il n&rsquo;y a pas une grosse pluie (15 \u00e0 20mm) pendant 2 semaines donnez leur 40 \u00e0 50l d&rsquo;eau. Vous pouvez v\u00e9rifier l&rsquo;humidit\u00e9 sous le paillage. Il est important d&rsquo;intervenir avant tout arr\u00eat de croissance, en effet la partie a\u00e9rienne est en relation avec la partie souterraine, de belles pousses signifie de belles racines.<\/p>\n<p>Il est \u00e9galement tr\u00e8s important de ne pas laisser de fruits sur vos arbres pendant les 3 premi\u00e8res ann\u00e9es. La tentation est forte car on a envie de le gouter mais il est important que l&rsquo;arbre concentre toute son \u00e9nergie sur la pousse et donc sur ses racines. Il vous le rendra au centuple\u00a0 les ann\u00e9es suivantes.<\/p>\n","protected":false},"excerpt":{"rendered":"<p>Une bonne plantation au bon moment et au bon endroit maximisera les chances de votre arbre fruitier pour obtenir une croissance vigoureuse les premi\u00e8res ann\u00e9es et de belles r\u00e9coltes par la suite. Nous allons d\u00e9tailler ici les principaux points: Le lieu: Privil\u00e9giez un bon ensoleillement et si possible un endroit [&hellip;]<\/p>\n","protected":false},"author":2,"featured_media":0,"parent":0,"menu_order":0,"comment_status":"closed","ping_status":"closed","template":"","meta":{"cybocfi_hide_featured_image":"","footnotes":""},"class_list":["post-184","page","type-page","status-publish","hentry"],"_links":{"self":[{"href":"https:\/\/milleetunenoix.fr\/blog\/wp-json\/wp\/v2\/pages\/184","targetHints":{"allow":["GET"]}}],"collection":[{"href":"https:\/\/milleetunenoix.fr\/blog\/wp-json\/wp\/v2\/pages"}],"about":[{"href":"https:\/\/milleetunenoix.fr\/blog\/wp-json\/wp\/v2\/types\/page"}],"author":[{"embeddable":true,"href":"https:\/\/milleetunenoix.fr\/blog\/wp-json\/wp\/v2\/users\/2"}],"replies":[{"embeddable":true,"href":"https:\/\/milleetunenoix.fr\/blog\/wp-json\/wp\/v2\/comments?post=184"}],"version-history":[{"count":6,"href":"https:\/\/milleetunenoix.fr\/blog\/wp-json\/wp\/v2\/pages\/184\/revisions"}],"predecessor-version":[{"id":205,"href":"https:\/\/milleetunenoix.fr\/blog\/wp-json\/wp\/v2\/pages\/184\/revisions\/205"}],"wp:attachment":[{"href":"https:\/\/milleetunenoix.fr\/blog\/wp-json\/wp\/v2\/media?parent=184"}],"curies":[{"name":"wp","href":"https:\/\/api.w.org\/{rel}","templated":true}]}}