{"id":79,"date":"2025-07-24T17:11:58","date_gmt":"2025-07-24T15:11:58","guid":{"rendered":"https:\/\/milleetunenoix.fr\/blog\/?page_id=79"},"modified":"2025-07-29T09:22:05","modified_gmt":"2025-07-29T07:22:05","slug":"les-porte-greffes","status":"publish","type":"page","link":"https:\/\/milleetunenoix.fr\/blog\/a-propos\/les-porte-greffes\/","title":{"rendered":"Les porte-greffes"},"content":{"rendered":"<h3>Les porte-greffes<\/h3>\n<p>Un <strong>porte-greffe<\/strong> est la <strong>partie inf\u00e9rieure<\/strong> d\u2019un arbre fruitier sur lequel on <strong>greffe une autre plante<\/strong> appel\u00e9e <strong>greffon<\/strong>. Il forme le syst\u00e8me racinaire et le bas du tronc. Le greffon, lui, donne la vari\u00e9t\u00e9 souhait\u00e9e (fruit, fleur, etc.).<\/p>\n<p>On utilise diff\u00e9rents types de porte-greffes afin de pouvoir adapter au mieux les qualit\u00e9s d\u00e9finies d&rsquo;une vari\u00e9t\u00e9 au type de sol dans lequel on va planter ou encore \u00e0 la vigueur que l&rsquo;on attend de son arbre.<\/p>\n<p>&nbsp;<\/p>\n<p>Pommier franc\u00a0: Pommier d&rsquo;une grande vigueur, ne craint pas les terrains argileux mais plut\u00f4t les terrains secs et calcaires. Mise \u00e0 fruit g\u00e9n\u00e9ralement assez lente.<\/p>\n<p>M111\u00a0: Vigueur plus faible que le franc, bon enracinement et mise \u00e0 fruit plus rapide que le franc.<\/p>\n<p>Poirier franc\u00a0: Grande vigueur et mise \u00e0 fruit plus lente que le cognassier. Il aime les terres fra\u00eeches et profondes. Il craint les terrains argileux.<\/p>\n<p>Cognassier (BA29)\u00a0:Il supporte mieux le calcaire que le poirier franc et tr\u00e8s bien les terrains argileux. Arbre de petite taille (environ 3m) qui aime les sols riches.<\/p>\n<p>Cerisier franc (merisier)\u00a0: Arbre de grande taille, mise \u00e0 fruit plus lente. Il craint le calcaire la s\u00e8cheresse et les terrains tr\u00e8s argileux.<\/p>\n<p>Prunier Sainte Lucie\u00a0: Supporte tr\u00e8s bien le calcaire et les terrains argileux. Il craint l&rsquo;humidit\u00e9 stagnante, pr\u00e9f\u00e8re les sols drainants. Sa taille adulte est plus petite que celle d&rsquo;un cerisier franc.<\/p>\n<p>Myrobolan\u00a0: Pour prunier et abricotier, convient \u00e0 tous les sols et d&rsquo;une tr\u00e8s bonne vigueur. R\u00e9siste tr\u00e8s bien \u00e0 la s\u00e8cheresse.<\/p>\n<p>P\u00eacher franc\u00a0: Bonne vigueur mais craint les sols argileux et calcaire. Il pr\u00e9f\u00e8re les sols l\u00e9gers et drainants.<\/p>\n<p>Gf 667\u00a0: hybride naturel tr\u00e8s vigoureux. R\u00e9sistance sup\u00e9rieure au franc de p\u00eacher en terrain humide mais craint quand m\u00eame les exc\u00e8s d&rsquo;eau.<\/p>\n","protected":false},"excerpt":{"rendered":"<p>Les porte-greffes Un porte-greffe est la partie inf\u00e9rieure d\u2019un arbre fruitier sur lequel on greffe une autre plante appel\u00e9e greffon. Il forme le syst\u00e8me racinaire et le bas du tronc. Le greffon, lui, donne la vari\u00e9t\u00e9 souhait\u00e9e (fruit, fleur, etc.). On utilise diff\u00e9rents types de porte-greffes afin de pouvoir adapter [&hellip;]<\/p>\n","protected":false},"author":2,"featured_media":0,"parent":35,"menu_order":0,"comment_status":"closed","ping_status":"closed","template":"","meta":{"cybocfi_hide_featured_image":"","footnotes":""},"class_list":["post-79","page","type-page","status-publish","hentry"],"_links":{"self":[{"href":"https:\/\/milleetunenoix.fr\/blog\/wp-json\/wp\/v2\/pages\/79","targetHints":{"allow":["GET"]}}],"collection":[{"href":"https:\/\/milleetunenoix.fr\/blog\/wp-json\/wp\/v2\/pages"}],"about":[{"href":"https:\/\/milleetunenoix.fr\/blog\/wp-json\/wp\/v2\/types\/page"}],"author":[{"embeddable":true,"href":"https:\/\/milleetunenoix.fr\/blog\/wp-json\/wp\/v2\/users\/2"}],"replies":[{"embeddable":true,"href":"https:\/\/milleetunenoix.fr\/blog\/wp-json\/wp\/v2\/comments?post=79"}],"version-history":[{"count":3,"href":"https:\/\/milleetunenoix.fr\/blog\/wp-json\/wp\/v2\/pages\/79\/revisions"}],"predecessor-version":[{"id":144,"href":"https:\/\/milleetunenoix.fr\/blog\/wp-json\/wp\/v2\/pages\/79\/revisions\/144"}],"up":[{"embeddable":true,"href":"https:\/\/milleetunenoix.fr\/blog\/wp-json\/wp\/v2\/pages\/35"}],"wp:attachment":[{"href":"https:\/\/milleetunenoix.fr\/blog\/wp-json\/wp\/v2\/media?parent=79"}],"curies":[{"name":"wp","href":"https:\/\/api.w.org\/{rel}","templated":true}]}}